{"id":1184,"date":"2023-02-24T16:08:02","date_gmt":"2023-02-24T16:08:02","guid":{"rendered":"https:\/\/www.revistamedicinaycultura.fmposgrado.unam.mx\/?page_id=1184"},"modified":"2023-03-01T15:23:37","modified_gmt":"2023-03-01T15:23:37","slug":"consejo-comite","status":"publish","type":"page","link":"https:\/\/www.revistamedicinaycultura.fmposgrado.unam.mx\/index.php\/consejo-comite\/","title":{"rendered":"Consejo \/ Comit\u00e9"},"content":{"rendered":"<p>[et_pb_section fb_built=\u00bb1&#8243; _builder_version=\u00bb4.20.0&#8243; _module_preset=\u00bbdefault\u00bb background_image=\u00bbhttps:\/\/www.revistamedicinaycultura.fmposgrado.unam.mx\/wp-content\/uploads\/2023\/01\/morado.png\u00bb custom_padding=\u00bb45px|||||\u00bb global_colors_info=\u00bb{}\u00bb][et_pb_row _builder_version=\u00bb4.20.0&#8243; _module_preset=\u00bbdefault\u00bb global_colors_info=\u00bb{}\u00bb][et_pb_column type=\u00bb4_4&#8243; _builder_version=\u00bb4.20.0&#8243; _module_preset=\u00bbdefault\u00bb global_colors_info=\u00bb{}\u00bb][et_pb_text _builder_version=\u00bb4.20.0&#8243; _module_preset=\u00bbdefault\u00bb text_text_color=\u00bb#2995B3&#8243; text_line_height=\u00bb2.4em\u00bb custom_margin=\u00bb0px||||false|false\u00bb hover_enabled=\u00bb0&#8243; global_colors_info=\u00bb{}\u00bb sticky_enabled=\u00bb0&#8243;]<\/p>\n<p style=\"text-align: center;\"><span style=\"font-size: x-large;\"><strong><\/strong><\/span><\/p>\n<p style=\"text-align: center;\"><span style=\"font-size: large; color: #1d5e92;\"><strong>Consejo Editorial<\/strong><\/span><br \/><span style=\"font-size: medium; color: #2972b2;\">Asunci\u00f3n \u00c1lvarez del R\u00edo<\/span><br \/><span style=\"font-size: medium;\">Iv\u00e1n Trujillo Bolio<\/span><br \/><span style=\"font-size: medium; color: #2972b2;\">Juan Tonda Maz\u00f3n<\/span><br \/><span style=\"font-size: medium;\">Martha Duhne Backhauss<\/span><br \/><span style=\"font-size: medium; color: #2972b2;\">Patricia Clark<\/span><\/p>\n<p style=\"text-align: center;\"><span style=\"font-size: medium;\"><\/span><\/p>\n<p style=\"text-align: center;\"><span style=\"font-size: large; color: #1d5e92;\"><strong>Comit\u00e9 Editorial<\/strong><\/span><br \/><span style=\"font-size: medium;\">Alejandro Mohar\u00a0Betancourt<\/span><br \/><span style=\"font-size: medium; color: #2972b2;\">Amanda de la Garza Mata<\/span><br \/><span style=\"font-size: medium;\">Ana Elena Lim\u00f3n Rojas<\/span><br \/><span style=\"font-size: medium; color: #2972b2;\">Ana Luisa Sosa Ortiz<\/span><br \/><span style=\"font-size: medium;\">Arturo Abundes Corona<\/span><br \/><span style=\"font-size: medium; color: #2972b2;\">Claudia D\u00edaz Olavarrieta<\/span><br \/><span style=\"font-size: medium;\">Diana Vilar Compte<\/span><br \/><span style=\"font-size: medium; color: #2972b2;\">Elena Poniatowska Amor<\/span><br \/><span style=\"font-size: medium;\">Enrique Ruelas Barajas<\/span><br \/><span style=\"font-size: medium; color: #2972b2;\">Enrique Wolpert Barraza<\/span><br \/><span style=\"font-size: medium;\">Fernanda P\u00e9rez Gay Ju\u00e1rez<\/span><br \/><span style=\"font-size: medium; color: #2972b2;\">Guillermo Garc\u00eda Delgado<\/span><br \/><span style=\"font-size: medium;\">Gustavo C. Rom\u00e1n<\/span><br \/><span style=\"font-size: medium; color: #2972b2;\">Herlinda Dabah Mustri<\/span><br \/><span style=\"font-size: medium;\">Iris Mart\u00ednez Ju\u00e1rez<\/span><br \/><span style=\"font-size: medium; color: #2972b2;\">Iv\u00e1n Restrepo<\/span><br \/><span style=\"font-size: medium;\">Jes\u00fas Ram\u00edrez Bermudez<\/span><br \/><span style=\"font-size: medium; color: #2972b2;\">Jos\u00e9 de Jes\u00fas Orozco Henr\u00edquez<\/span><br \/><span style=\"font-size: medium;\">Larisa Enr\u00edquez V\u00e1zquez<\/span><br \/><span style=\"font-size: medium; color: #2972b2;\">Luz Mar\u00eda Casta\u00f1eda de Le\u00f3n<\/span><br \/><span style=\"font-size: medium;\">Mar\u00eda del Carmen\u00a0Garc\u00eda Pe\u00f1a<\/span><br \/><span style=\"font-size: medium; color: #2972b2;\">Mario Luis Fuentes Alcal\u00e1<\/span><br \/><span style=\"font-size: medium;\">Michele Br\u00eada Yepes<\/span><br \/><span style=\"font-size: medium; color: #2972b2;\">Nayeli Garc\u00eda S\u00e1nchez<\/span><br \/><span style=\"font-size: medium;\">Nimbe Torres y Torres<\/span><br \/><span style=\"font-size: medium; color: #2972b2;\">Oliva L\u00f3pez Arellano<\/span><br \/><span style=\"font-size: medium;\">Ricardo Col\u00edn Piana<\/span><br \/><span style=\"font-size: medium; color: #2972b2;\">Rosa Mar\u00eda Wong Chew<\/span><br \/><span style=\"font-size: medium;\">Rosaura Ruiz Guti\u00e9rrez<\/span><br \/><span style=\"font-size: medium; color: #2972b2;\">Vicente Quirarte Casta\u00f1eda<\/span><\/p>\n<p style=\"text-align: center;\"><span style=\"font-size: x-large;\"><\/span><\/p>\n<p>[\/et_pb_text][\/et_pb_column][\/et_pb_row][\/et_pb_section]<\/p>\n","protected":false},"excerpt":{"rendered":"<p>Consejo EditorialAsunci\u00f3n \u00c1lvarez del R\u00edoIv\u00e1n Trujillo BolioJuan Tonda Maz\u00f3nMartha Duhne BackhaussPatricia Clark Comit\u00e9 EditorialAlejandro Mohar\u00a0BetancourtAmanda de la Garza MataAna Elena Lim\u00f3n RojasAna Luisa Sosa OrtizArturo Abundes CoronaClaudia D\u00edaz OlavarrietaDiana Vilar CompteElena Poniatowska AmorEnrique Ruelas BarajasEnrique Wolpert BarrazaFernanda P\u00e9rez Gay Ju\u00e1rezGuillermo Garc\u00eda DelgadoGustavo C. Rom\u00e1nHerlinda Dabah MustriIris Mart\u00ednez Ju\u00e1rezIv\u00e1n RestrepoJes\u00fas Ram\u00edrez BermudezJos\u00e9 de Jes\u00fas Orozco Henr\u00edquezLarisa [&hellip;]<\/p>\n","protected":false},"author":7,"featured_media":0,"parent":0,"menu_order":0,"comment_status":"closed","ping_status":"closed","template":"","meta":{"_et_pb_use_builder":"on","_et_pb_old_content":"","_et_gb_content_width":"","footnotes":""},"class_list":["post-1184","page","type-page","status-publish","hentry"],"jetpack_sharing_enabled":true,"_links":{"self":[{"href":"https:\/\/www.revistamedicinaycultura.fmposgrado.unam.mx\/index.php\/wp-json\/wp\/v2\/pages\/1184","targetHints":{"allow":["GET"]}}],"collection":[{"href":"https:\/\/www.revistamedicinaycultura.fmposgrado.unam.mx\/index.php\/wp-json\/wp\/v2\/pages"}],"about":[{"href":"https:\/\/www.revistamedicinaycultura.fmposgrado.unam.mx\/index.php\/wp-json\/wp\/v2\/types\/page"}],"author":[{"embeddable":true,"href":"https:\/\/www.revistamedicinaycultura.fmposgrado.unam.mx\/index.php\/wp-json\/wp\/v2\/users\/7"}],"replies":[{"embeddable":true,"href":"https:\/\/www.revistamedicinaycultura.fmposgrado.unam.mx\/index.php\/wp-json\/wp\/v2\/comments?post=1184"}],"version-history":[{"count":9,"href":"https:\/\/www.revistamedicinaycultura.fmposgrado.unam.mx\/index.php\/wp-json\/wp\/v2\/pages\/1184\/revisions"}],"predecessor-version":[{"id":1385,"href":"https:\/\/www.revistamedicinaycultura.fmposgrado.unam.mx\/index.php\/wp-json\/wp\/v2\/pages\/1184\/revisions\/1385"}],"wp:attachment":[{"href":"https:\/\/www.revistamedicinaycultura.fmposgrado.unam.mx\/index.php\/wp-json\/wp\/v2\/media?parent=1184"}],"curies":[{"name":"wp","href":"https:\/\/api.w.org\/{rel}","templated":true}]}}